{"id":432,"date":"2022-06-20T10:45:26","date_gmt":"2022-06-20T15:45:26","guid":{"rendered":"http:\/\/b-a-insurance.four.zysites.com\/about-us\/"},"modified":"2024-06-06T12:56:25","modified_gmt":"2024-06-06T17:56:25","slug":"about-us","status":"publish","type":"page","link":"https:\/\/www.ba-multiservices.com\/es\/about-us\/","title":{"rendered":"Acerca de nosotros"},"content":{"rendered":"<p>BA Insurance, una empresa familiar, se ha comprometido a atender las necesidades de seguros de familias, individuos y empresas en el \u00e1rea de Summerville durante tres a\u00f1os. Loyane Aquino es la fundadora y propietaria de BA Insurance. Creci\u00f3 en Connecticut, pero se mud\u00f3 a Carolina del Sur hace unos tres a\u00f1os, donde vive con su esposo y sus dos hijos. Su pasi\u00f3n por los seguros proviene de saber que tiene la capacidad de proteger a las personas y a sus familias.<\/p>\n<p>En BA Insurance, tratamos a cada cliente personal y empresarial como si fuera una familia, tom\u00e1ndonos el tiempo para comprender su situaci\u00f3n exacta y encontr\u00e1ndole las p\u00f3lizas de seguro m\u00e1s completas que se adapten a sus necesidades. Nuestro equipo de dedicados profesionales de seguros se asegura de que su cobertura lo asegure adecuadamente hoy y en el futuro, para que pueda concentrarse en lo que es importante para usted y su familia.<\/p>\n<p>Nos especializamos en seguros comerciales, de hogar, de autom\u00f3viles, de embarcaciones, de condominios, de inquilinos y de mascotas. Nuestros agentes de seguros le brindar\u00e1n cobertura para sus necesidades personales y comerciales. Perm\u00edtanos ayudarle a encontrar la mejor soluci\u00f3n para garantizar su tranquilidad.<\/p>\n<p>En BA Seguros habr\u00e1:<\/p>\n<p>Un equipo local que siempre estar\u00e1 ah\u00ed para ti.<\/p>\n<p>Servicio al cliente amable y experimentado.<\/p>\n<p>Tarifas competitivas y ahorros en su elecci\u00f3n de seguro<\/p>\n<p>\u00a1Esperamos que te unas a nuestra familia hoy! Ll\u00e1menos al 843-225-5695 para obtener una cobertura de seguro excepcional a un precio excelente. Tambi\u00e9n puedes enviarnos un correo electr\u00f3nico a\u00a0<a class=\"ql-link\" href=\"mailto:Policy@ba-multiservices.com\" target=\"_blank\" rel=\"noopener\">Policy@ba-multiservices.com<\/a>. \u00a1Esperamos poder servirle!<\/p>\n","protected":false},"excerpt":{"rendered":"<p>BA Insurance, una empresa familiar, se ha comprometido a atender las necesidades de seguros de familias, individuos y empresas en el \u00e1rea de Summerville durante tres a\u00f1os. Loyane Aquino es la fundadora y propietaria de BA Insurance. Creci\u00f3 en Connecticut, pero se mud\u00f3 a Carolina del Sur hace unos tres a\u00f1os, donde vive con su [&hellip;]<\/p>\n","protected":false},"author":35,"featured_media":0,"parent":0,"menu_order":0,"comment_status":"closed","ping_status":"closed","template":"","meta":{"_acf_changed":false,"_seopress_robots_primary_cat":"0","_seopress_titles_title":"","_seopress_titles_desc":"","_seopress_robots_index":"","_analytify_skip_tracking":false,"footnotes":""},"class_list":["post-432","page","type-page","status-publish","hentry"],"acf":[],"_links":{"self":[{"href":"https:\/\/www.ba-multiservices.com\/es\/wp-json\/wp\/v2\/pages\/432","targetHints":{"allow":["GET"]}}],"collection":[{"href":"https:\/\/www.ba-multiservices.com\/es\/wp-json\/wp\/v2\/pages"}],"about":[{"href":"https:\/\/www.ba-multiservices.com\/es\/wp-json\/wp\/v2\/types\/page"}],"author":[{"embeddable":true,"href":"https:\/\/www.ba-multiservices.com\/es\/wp-json\/wp\/v2\/users\/35"}],"replies":[{"embeddable":true,"href":"https:\/\/www.ba-multiservices.com\/es\/wp-json\/wp\/v2\/comments?post=432"}],"version-history":[{"count":0,"href":"https:\/\/www.ba-multiservices.com\/es\/wp-json\/wp\/v2\/pages\/432\/revisions"}],"wp:attachment":[{"href":"https:\/\/www.ba-multiservices.com\/es\/wp-json\/wp\/v2\/media?parent=432"}],"curies":[{"name":"wp","href":"https:\/\/api.w.org\/{rel}","templated":true}]}}